{"id":4534,"date":"2025-12-10T13:48:46","date_gmt":"2025-12-10T13:48:46","guid":{"rendered":"https:\/\/theoceancollective.co\/?post_type=product&#038;p=4534"},"modified":"2026-02-02T10:06:03","modified_gmt":"2026-02-02T10:06:03","slug":"bodo-tromso-2026","status":"publish","type":"product","link":"https:\/\/theoceancollective.co\/en\/segeltoern\/bodo-tromso-2026\/","title":{"rendered":"Arctic Explorer"},"content":{"rendered":"<p class=\"\">On the leg from Bod\u00f8 to Troms\u00f8, we cross Norway&#039;s iconic Lofoten archipelago. We are north of the Arctic Circle and sailing north towards the midnight sun. North of the Arctic Circle, the sun will not set at this time of year, making it a truly special experience.<\/p>\n<p class=\"\">We experience the powerful nature and imposing coastline of Norway. Along this stretch of coast, we find countless archipelagos scattered offshore. With utmost care, we navigate through narrow skerries to remote islands. In strong winds, we have the option of making our way northwards through the sheltered straits between the larger islands and the mainland.<\/p>\n<p class=\"\">Here we are rewarded with countless anchorages against a picturesque backdrop. We make a stop in idyllic fishing harbors with their brightly painted wooden houses and discover mystical places. The Trollfjord in the heart of the Lofoten Islands is a particularly narrow fjord with steep cliffs, well worth exploring.<\/p>\n<p class=\"\">Countless fjords with waterfalls, breathtaking scenery, and white sandy beaches will accompany us over the next few days on our journey through the Lofoten Islands. Depending on the weather, we will spend more time on the north or south side, or spend a night at anchor in Senja on our way to Troms\u00f8.<\/p>\n<p class=\"\">Our destination port is Troms\u00f8, also known as the Paris of the North. After the peaceful nights at anchor, the Arctic city feels particularly vibrant. After all, we want to feel like we&#039;re discovering something \u2013 both on the open sea and in the ports we visit. The entire passage is approximately 350 nautical miles long.<\/p>","protected":false},"excerpt":{"rendered":"<p>Auf der Etappe von Bod\u00f8 nach Troms\u00f8 durchqueren wir Norwegens ikonische Inselgruppe der Lofoten. Wir befinden uns n\u00f6rdlich des Polarkreises und segeln nordw\u00e4rts der Mitternachtssonne entgegen. N\u00f6rdlich des Polarkreises wird die Sonne zu dieser Zeit nicht mehr untergehen, was ein besonderes Erlebnis darstellt. Wir erleben die kraftvolle Natur und imposante K\u00fcste Norwegens. Auf diesem K\u00fcstenabschnitt [&hellip;]<\/p>\n","protected":false},"featured_media":4522,"template":"","meta":{"_acf_changed":false,"site-sidebar-layout":"default","site-content-layout":"","ast-site-content-layout":"default","site-content-style":"default","site-sidebar-style":"default","ast-global-header-display":"","ast-banner-title-visibility":"","ast-main-header-display":"","ast-hfb-above-header-display":"","ast-hfb-below-header-display":"","ast-hfb-mobile-header-display":"","site-post-title":"","ast-breadcrumbs-content":"","ast-featured-img":"","footer-sml-layout":"","ast-disable-related-posts":"","theme-transparent-header-meta":"default","adv-header-id-meta":"","stick-header-meta":"","header-above-stick-meta":"","header-main-stick-meta":"","header-below-stick-meta":"","astra-migrate-meta-layouts":"set","ast-page-background-enabled":"default","ast-page-background-meta":{"desktop":{"background-color":"var(--ast-global-color-4)","background-image":"","background-repeat":"repeat","background-position":"center center","background-size":"auto","background-attachment":"scroll","background-type":"","background-media":"","overlay-type":"","overlay-color":"","overlay-opacity":"","overlay-gradient":""},"tablet":{"background-color":"","background-image":"","background-repeat":"repeat","background-position":"center center","background-size":"auto","background-attachment":"scroll","background-type":"","background-media":"","overlay-type":"","overlay-color":"","overlay-opacity":"","overlay-gradient":""},"mobile":{"background-color":"","background-image":"","background-repeat":"repeat","background-position":"center center","background-size":"auto","background-attachment":"scroll","background-type":"","background-media":"","overlay-type":"","overlay-color":"","overlay-opacity":"","overlay-gradient":""}},"ast-content-background-meta":{"desktop":{"background-color":"var(--ast-global-color-5)","background-image":"","background-repeat":"repeat","background-position":"center center","background-size":"auto","background-attachment":"scroll","background-type":"","background-media":"","overlay-type":"","overlay-color":"","overlay-opacity":"","overlay-gradient":""},"tablet":{"background-color":"var(--ast-global-color-5)","background-image":"","background-repeat":"repeat","background-position":"center center","background-size":"auto","background-attachment":"scroll","background-type":"","background-media":"","overlay-type":"","overlay-color":"","overlay-opacity":"","overlay-gradient":""},"mobile":{"background-color":"var(--ast-global-color-5)","background-image":"","background-repeat":"repeat","background-position":"center center","background-size":"auto","background-attachment":"scroll","background-type":"","background-media":"","overlay-type":"","overlay-color":"","overlay-opacity":"","overlay-gradient":""}}},"product_brand":[],"product_cat":[18],"product_tag":[],"class_list":{"0":"post-4534","1":"product","2":"type-product","3":"status-publish","4":"has-post-thumbnail","6":"product_cat-uncategorized","7":"pa_kategorie-coastal","8":"pa_laender-norwegen","9":"desktop-align-left","10":"tablet-align-left","11":"mobile-align-left","13":"first","14":"instock","15":"virtual","16":"sold-individually","17":"taxable","18":"purchasable","19":"product-type-booking"},"booking_location":"","booking_location_type":"","booking_duration":9,"booking_duration_unit":"day","booking_buffer":0,"booking_cost":0,"booking_resources":[],"acf":{"titel":"Arctic Explorer","slogan":"Faroe Islands & Lofoten","start_port":"Bod\u00f8, Norwegen \ud83c\uddf3\ud83c\uddf4","end_port":"Troms\u00f8, Norwegen \ud83c\uddf3\ud83c\uddf4","start_date":"20260702","end_date":"20260710","mileage":"~350 nm","days":9,"category":"Coastal","crew":"max. 8 Crew","arrivalairport":"Bod\u00f8 Airport","departureairport":"Troms\u00f8 Airport","highlight1":"Durchquerung der Lofoten unter der Mitternachtssonne","highlight2":"Navigation durch enge Fjorde","highlight3":"Schwimmende Sauna mit Eisbad","check-in_time":"14:00:00","check-out_time":"10:00:00","start_port_address":"Bod\u00f8 | Bod\u00f8 Gjestehavn","end_port_address":"Troms\u00f8 | Gjestebrygger Troms\u00f8 Havn","start_port_url":"https:\/\/maps.google.com\/?q=67.2839326295183,14.36936863099342(Bod\u00f8+|+Bod\u00f8+Gjestehavn)","end_port_url":"https:\/\/maps.google.com\/?q=69.65037597628778,18.961629758686726(Troms\u00f8+|+Gjestebrygger+Troms\u00f8+Havn)","whatsapp_group_link":"https:\/\/chat.whatsapp.com\/CkgD8aPmV7SLx1BX0L4ERh"},"_links":{"self":[{"href":"https:\/\/theoceancollective.co\/en\/wp-json\/wp\/v2\/product\/4534","targetHints":{"allow":["GET"]}}],"collection":[{"href":"https:\/\/theoceancollective.co\/en\/wp-json\/wp\/v2\/product"}],"about":[{"href":"https:\/\/theoceancollective.co\/en\/wp-json\/wp\/v2\/types\/product"}],"wp:featuredmedia":[{"embeddable":true,"href":"https:\/\/theoceancollective.co\/en\/wp-json\/wp\/v2\/media\/4522"}],"wp:attachment":[{"href":"https:\/\/theoceancollective.co\/en\/wp-json\/wp\/v2\/media?parent=4534"}],"wp:term":[{"taxonomy":"product_brand","embeddable":true,"href":"https:\/\/theoceancollective.co\/en\/wp-json\/wp\/v2\/product_brand?post=4534"},{"taxonomy":"product_cat","embeddable":true,"href":"https:\/\/theoceancollective.co\/en\/wp-json\/wp\/v2\/product_cat?post=4534"},{"taxonomy":"product_tag","embeddable":true,"href":"https:\/\/theoceancollective.co\/en\/wp-json\/wp\/v2\/product_tag?post=4534"}],"curies":[{"name":"wp","href":"https:\/\/api.w.org\/{rel}","templated":true}]}}