{"id":4537,"date":"2025-12-10T14:00:41","date_gmt":"2025-12-10T14:00:41","guid":{"rendered":"https:\/\/theoceancollective.co\/?post_type=product&#038;p=4537"},"modified":"2026-01-26T10:11:18","modified_gmt":"2026-01-26T10:11:18","slug":"bodo-alesund-2026","status":"publish","type":"product","link":"https:\/\/theoceancollective.co\/en\/segeltoern\/bodo-alesund-2026\/","title":{"rendered":"Arctic Circle"},"content":{"rendered":"<p class=\"preFade fadeIn\">This leg begins in Bod\u00f8 and takes us almost 700 nautical miles along the Norwegian coast to \u00c5lesund. We cross the Arctic Circle and sail southwards.<\/p>\n<p class=\"preFade fadeIn\">We experience the powerful nature and imposing coastline of Norway. Along this stretch of coast, we find countless island groups scattered offshore. With utmost care, we navigate through narrow skerries to remote islands. In strong winds, we have the option of making our way south through the sheltered straits between the larger islands and the mainland.<\/p>\n<p class=\"preFade fadeIn\">Our route takes us across the Arctic Circle, which lies at latitude 66\u00b0 33\u2032 N. This circle intersects the remote Tr\u00e6na archipelago, which is well worth a visit. South of the Arctic Circle, the sun will set again at this time of year, making it a special experience after witnessing the midnight sun.<\/p>\n<p class=\"preFade fadeIn\">Depending on the crew&#039;s ambitions, a multi-day non-stop leg southwards is also possible. This takes us away from the Lofoten Islands, the iconic archipelago in northern Norway. Here, we are rewarded with countless anchorages against a picturesque backdrop. We make a stop in idyllic fishing harbors with their brightly painted wooden houses before setting course for \u00c5lesund.<\/p>","protected":false},"excerpt":{"rendered":"<p>Diese Etappe beginnt in Bod\u00f8 und f\u00fchrt uns \u00fcber fast 700 Seemeilen entlang der norwegischen K\u00fcste bis nach \u00c5lesund. Wir \u00fcberqueren den Polarkreis und segeln s\u00fcdw\u00e4rts. Wir erleben die kraftvolle Natur und imposante K\u00fcste Norwegens. Auf diesem K\u00fcstenabschnitt finden wir unz\u00e4hlige Inselgruppen, die der K\u00fcste vorgelagert sind. Mit gr\u00f6\u00dfter Vorsicht navigieren wir durch enge Sch\u00e4ren [&hellip;]<\/p>\n","protected":false},"featured_media":4346,"template":"","meta":{"_acf_changed":false,"site-sidebar-layout":"default","site-content-layout":"","ast-site-content-layout":"default","site-content-style":"default","site-sidebar-style":"default","ast-global-header-display":"","ast-banner-title-visibility":"","ast-main-header-display":"","ast-hfb-above-header-display":"","ast-hfb-below-header-display":"","ast-hfb-mobile-header-display":"","site-post-title":"","ast-breadcrumbs-content":"","ast-featured-img":"","footer-sml-layout":"","ast-disable-related-posts":"","theme-transparent-header-meta":"default","adv-header-id-meta":"","stick-header-meta":"","header-above-stick-meta":"","header-main-stick-meta":"","header-below-stick-meta":"","astra-migrate-meta-layouts":"set","ast-page-background-enabled":"default","ast-page-background-meta":{"desktop":{"background-color":"var(--ast-global-color-4)","background-image":"","background-repeat":"repeat","background-position":"center center","background-size":"auto","background-attachment":"scroll","background-type":"","background-media":"","overlay-type":"","overlay-color":"","overlay-opacity":"","overlay-gradient":""},"tablet":{"background-color":"","background-image":"","background-repeat":"repeat","background-position":"center center","background-size":"auto","background-attachment":"scroll","background-type":"","background-media":"","overlay-type":"","overlay-color":"","overlay-opacity":"","overlay-gradient":""},"mobile":{"background-color":"","background-image":"","background-repeat":"repeat","background-position":"center center","background-size":"auto","background-attachment":"scroll","background-type":"","background-media":"","overlay-type":"","overlay-color":"","overlay-opacity":"","overlay-gradient":""}},"ast-content-background-meta":{"desktop":{"background-color":"var(--ast-global-color-5)","background-image":"","background-repeat":"repeat","background-position":"center center","background-size":"auto","background-attachment":"scroll","background-type":"","background-media":"","overlay-type":"","overlay-color":"","overlay-opacity":"","overlay-gradient":""},"tablet":{"background-color":"var(--ast-global-color-5)","background-image":"","background-repeat":"repeat","background-position":"center center","background-size":"auto","background-attachment":"scroll","background-type":"","background-media":"","overlay-type":"","overlay-color":"","overlay-opacity":"","overlay-gradient":""},"mobile":{"background-color":"var(--ast-global-color-5)","background-image":"","background-repeat":"repeat","background-position":"center center","background-size":"auto","background-attachment":"scroll","background-type":"","background-media":"","overlay-type":"","overlay-color":"","overlay-opacity":"","overlay-gradient":""}}},"product_brand":[],"product_cat":[18],"product_tag":[],"class_list":{"0":"post-4537","1":"product","2":"type-product","3":"status-publish","4":"has-post-thumbnail","6":"product_cat-uncategorized","7":"pa_kategorie-coastal","8":"pa_laender-norwegen","9":"desktop-align-left","10":"tablet-align-left","11":"mobile-align-left","13":"first","14":"instock","15":"virtual","16":"sold-individually","17":"taxable","18":"purchasable","19":"product-type-booking"},"booking_location":"","booking_location_type":"","booking_duration":11,"booking_duration_unit":"day","booking_buffer":0,"booking_cost":0,"booking_resources":[],"acf":{"titel":"Arctic Circle","slogan":"Nordmeer & Mitternachtsonne","start_port":"Bod\u00f8, Norwegen \ud83c\uddf3\ud83c\uddf4","end_port":"\u00c5lesund, Norwegen \ud83c\uddf3\ud83c\uddf4","start_date":"20260806","end_date":"20260816","mileage":"~700 nm","days":11,"category":"Coastal","crew":"max. 8 Crew","arrivalairport":"Bod\u00f8 Airport","departureairport":"\u00c5lesund Vigra Airport","highlight1":"\u00dcberquerung des Polarkreises","highlight2":"Enge Sch\u00e4ren und abgelegene Inseln","highlight3":"Schwimmende Sauna mit Eisbad","check-in_time":"14:00:00","check-out_time":"10:00:00","start_port_address":"Bod\u00f8 | Bod\u00f8 Gjestehavn","end_port_address":"\u00c5lesund | Brosundet Gjestebrygge","start_port_url":"https:\/\/maps.google.com\/?q=67.2839326295183,14.36936863099342(Bod\u00f8+|+Bod\u00f8+Gjestehavn)","end_port_url":"https:\/\/maps.google.com\/?q=62.47367454676758,6.155155675570191(\u00c5lesund+|+Brosundet+Gjestebrygge)","whatsapp_group_link":"https:\/\/chat.whatsapp.com\/HvodMz5e7qND0r0TLlsPq0"},"_links":{"self":[{"href":"https:\/\/theoceancollective.co\/en\/wp-json\/wp\/v2\/product\/4537","targetHints":{"allow":["GET"]}}],"collection":[{"href":"https:\/\/theoceancollective.co\/en\/wp-json\/wp\/v2\/product"}],"about":[{"href":"https:\/\/theoceancollective.co\/en\/wp-json\/wp\/v2\/types\/product"}],"wp:featuredmedia":[{"embeddable":true,"href":"https:\/\/theoceancollective.co\/en\/wp-json\/wp\/v2\/media\/4346"}],"wp:attachment":[{"href":"https:\/\/theoceancollective.co\/en\/wp-json\/wp\/v2\/media?parent=4537"}],"wp:term":[{"taxonomy":"product_brand","embeddable":true,"href":"https:\/\/theoceancollective.co\/en\/wp-json\/wp\/v2\/product_brand?post=4537"},{"taxonomy":"product_cat","embeddable":true,"href":"https:\/\/theoceancollective.co\/en\/wp-json\/wp\/v2\/product_cat?post=4537"},{"taxonomy":"product_tag","embeddable":true,"href":"https:\/\/theoceancollective.co\/en\/wp-json\/wp\/v2\/product_tag?post=4537"}],"curies":[{"name":"wp","href":"https:\/\/api.w.org\/{rel}","templated":true}]}}